{"id":1243,"date":"2015-05-21T13:26:58","date_gmt":"2015-05-21T13:26:58","guid":{"rendered":"http:\/\/pwluk.com\/en\/?post_type=product&#038;p=1243"},"modified":"2019-04-09T08:39:22","modified_gmt":"2019-04-09T08:39:22","slug":"molle-2-0-tactical-vest","status":"publish","type":"product","link":"https:\/\/pwluk.com\/en\/product\/molle-2-0-tactical-vest\/","title":{"rendered":"Moll\u00e9  2.0 Tactical Vest"},"content":{"rendered":"<p>A revolution in Moll\u00e9  standard equipment: lightweight and durable, with a significant reduction in production costs without losing any functionality.<!--more--><\/p>\n<div style=\"float:right;width:200px;overflow:hidden;margin:0 10px 20px 20px;text-align:center;\"><img decoding=\"async\" data-src=\"\/en\/wp-content\/uploads\/2015\/06\/molle-laser-cutting.jpg\" style=\"--smush-placeholder-width: 594px; --smush-placeholder-aspect-ratio: 594\/600;-webkit-border-radius:24px;border-radius:24px;\" alt=\"Laser cutting\" src=\"data:image\/svg+xml;base64,PHN2ZyB3aWR0aD0iMSIgaGVpZ2h0PSIxIiB4bWxucz0iaHR0cDovL3d3dy53My5vcmcvMjAwMC9zdmciPjwvc3ZnPg==\" class=\"lazyload\" \/><em style=\"font-size:9pt;\">Laser cut for accuracy<\/em><\/div>\n<p>Our new Moll\u00e9  standard tactical vest will be available in black or hi-visibility material for a wide range of uniformed requirements.<\/p>\n<p>The Moll\u00e9  slots are laser cut for accuracy and efficiency of production.<\/p>\n<p>The number and size of Moll\u00e9  panels can be customised to each order, so you always get a mission-specific vest.<\/p>\n<p>We already have a wide range of pockets, pouches and accessory holders for practically all equipment in current use.<\/p>\n<p><!--long--><\/p>\n<p>A range of size options are available, with small order quantities possible for the smaller specialist team.<\/p>\n","protected":false},"excerpt":{"rendered":"<p>A revolution in Moll\u00e9 standard equipment: lightweight and durable, with a significant reduction in production costs without losing any functionality.<\/p>\n","protected":false},"featured_media":1248,"template":"","meta":[],"product_brand":[],"product_cat":[36],"product_tag":[55,47,56,51,50,53,54,52],"class_list":{"0":"post-1243","1":"product","2":"type-product","3":"status-publish","4":"has-post-thumbnail","6":"product_cat-load-carrying-systems","7":"product_tag-army","8":"product_tag-load-carrying","9":"product_tag-military","10":"product_tag-molle","11":"product_tag-moolle","12":"product_tag-sas","13":"product_tag-sbs","14":"product_tag-tactical-vest","15":"entry","16":"clearfix","17":"entry-product","18":"entry-grid","19":"entry-product-grid","20":"entry-columns-default","22":"first","23":"instock","24":"taxable","25":"shipping-taxable","26":"product-type-simple"},"yoast_head":"<!-- This site is optimized with the Yoast SEO plugin v27.3 - https:\/\/yoast.com\/product\/yoast-seo-wordpress\/ -->\n<title>Moll\u00e9 2.0 Tactical Vest - Price Western<\/title>\n<meta name=\"description\" content=\"Moll\u00e9 (moll\u00e9 2.0 Tactical Vest for special operations, SAS, SBS and military personnel\" \/>\n<meta name=\"robots\" content=\"index, follow, max-snippet:-1, max-image-preview:large, max-video-preview:-1\" \/>\n<link rel=\"canonical\" href=\"https:\/\/pwluk.com\/en\/product\/molle-2-0-tactical-vest\/\" \/>\n<meta name=\"twitter:label1\" content=\"Estimated reading time\" \/>\n\t<meta name=\"twitter:data1\" content=\"1 minute\" \/>\n<!-- \/ Yoast SEO plugin. -->","yoast_head_json":{"title":"Moll\u00e9 2.0 Tactical Vest - Price Western","description":"Moll\u00e9 (moll\u00e9 2.0 Tactical Vest for special operations, SAS, SBS and military personnel","robots":{"index":"index","follow":"follow","max-snippet":"max-snippet:-1","max-image-preview":"max-image-preview:large","max-video-preview":"max-video-preview:-1"},"canonical":"https:\/\/pwluk.com\/en\/product\/molle-2-0-tactical-vest\/","twitter_misc":{"Estimated reading time":"1 minute"},"schema":{"@context":"https:\/\/schema.org","@graph":[{"@type":"WebPage","@id":"https:\/\/pwluk.com\/en\/product\/molle-2-0-tactical-vest\/","url":"https:\/\/pwluk.com\/en\/product\/molle-2-0-tactical-vest\/","name":"Moll\u00e9 2.0 Tactical Vest - Price Western","isPartOf":{"@id":"https:\/\/pwluk.com\/en\/#website"},"primaryImageOfPage":{"@id":"https:\/\/pwluk.com\/en\/product\/molle-2-0-tactical-vest\/#primaryimage"},"image":{"@id":"https:\/\/pwluk.com\/en\/product\/molle-2-0-tactical-vest\/#primaryimage"},"thumbnailUrl":"https:\/\/pwluk.com\/en\/wp-content\/uploads\/2015\/05\/molle-2.0-front.jpg","datePublished":"2015-05-21T13:26:58+00:00","dateModified":"2019-04-09T08:39:22+00:00","description":"Moll\u00e9 (moll\u00e9 2.0 Tactical Vest for special operations, SAS, SBS and military personnel","breadcrumb":{"@id":"https:\/\/pwluk.com\/en\/product\/molle-2-0-tactical-vest\/#breadcrumb"},"inLanguage":"en-GB","potentialAction":[{"@type":"ReadAction","target":["https:\/\/pwluk.com\/en\/product\/molle-2-0-tactical-vest\/"]}]},{"@type":"ImageObject","inLanguage":"en-GB","@id":"https:\/\/pwluk.com\/en\/product\/molle-2-0-tactical-vest\/#primaryimage","url":"https:\/\/pwluk.com\/en\/wp-content\/uploads\/2015\/05\/molle-2.0-front.jpg","contentUrl":"https:\/\/pwluk.com\/en\/wp-content\/uploads\/2015\/05\/molle-2.0-front.jpg","width":600,"height":600,"caption":"Moll\u221a\u00a9 tactical vests"},{"@type":"BreadcrumbList","@id":"https:\/\/pwluk.com\/en\/product\/molle-2-0-tactical-vest\/#breadcrumb","itemListElement":[{"@type":"ListItem","position":1,"name":"Home","item":"https:\/\/pwluk.com\/en\/"},{"@type":"ListItem","position":2,"name":"Shop","item":"https:\/\/pwluk.com\/en\/shop\/"},{"@type":"ListItem","position":3,"name":"Moll\u00e9 2.0 Tactical Vest"}]},{"@type":"WebSite","@id":"https:\/\/pwluk.com\/en\/#website","url":"https:\/\/pwluk.com\/en\/","name":"Price Western","description":"quality, experience and innovation in design and manufacture","publisher":{"@id":"https:\/\/pwluk.com\/en\/#organization"},"potentialAction":[{"@type":"SearchAction","target":{"@type":"EntryPoint","urlTemplate":"https:\/\/pwluk.com\/en\/?s={search_term_string}"},"query-input":{"@type":"PropertyValueSpecification","valueRequired":true,"valueName":"search_term_string"}}],"inLanguage":"en-GB"},{"@type":"Organization","@id":"https:\/\/pwluk.com\/en\/#organization","name":"Price Western Leather Company Ltd.","url":"https:\/\/pwluk.com\/en\/","logo":{"@type":"ImageObject","inLanguage":"en-GB","@id":"https:\/\/pwluk.com\/en\/#\/schema\/logo\/image\/","url":"https:\/\/pwluk.com\/en\/wp-content\/uploads\/price-western-logo-on-white.jpg","contentUrl":"https:\/\/pwluk.com\/en\/wp-content\/uploads\/price-western-logo-on-white.jpg","width":400,"height":400,"caption":"Price Western Leather Company Ltd."},"image":{"@id":"https:\/\/pwluk.com\/en\/#\/schema\/logo\/image\/"},"sameAs":["https:\/\/x.com\/PriceWestern"]}]}},"_links":{"self":[{"href":"https:\/\/pwluk.com\/en\/wp-json\/wp\/v2\/product\/1243","targetHints":{"allow":["GET"]}}],"collection":[{"href":"https:\/\/pwluk.com\/en\/wp-json\/wp\/v2\/product"}],"about":[{"href":"https:\/\/pwluk.com\/en\/wp-json\/wp\/v2\/types\/product"}],"wp:featuredmedia":[{"embeddable":true,"href":"https:\/\/pwluk.com\/en\/wp-json\/wp\/v2\/media\/1248"}],"wp:attachment":[{"href":"https:\/\/pwluk.com\/en\/wp-json\/wp\/v2\/media?parent=1243"}],"wp:term":[{"taxonomy":"product_brand","embeddable":true,"href":"https:\/\/pwluk.com\/en\/wp-json\/wp\/v2\/product_brand?post=1243"},{"taxonomy":"product_cat","embeddable":true,"href":"https:\/\/pwluk.com\/en\/wp-json\/wp\/v2\/product_cat?post=1243"},{"taxonomy":"product_tag","embeddable":true,"href":"https:\/\/pwluk.com\/en\/wp-json\/wp\/v2\/product_tag?post=1243"}],"curies":[{"name":"wp","href":"https:\/\/api.w.org\/{rel}","templated":true}]}}